{"id":24,"date":"2014-01-12T20:29:29","date_gmt":"2014-01-12T19:29:29","guid":{"rendered":"http:\/\/domuciech.com.pl\/NATURFARM\/?page_id=24"},"modified":"2014-02-05T15:47:21","modified_gmt":"2014-02-05T14:47:21","slug":"polityka-jakosci","status":"publish","type":"page","link":"https:\/\/www.natur-farm.pl\/?page_id=24","title":{"rendered":"Polityka jako\u015bci"},"content":{"rendered":"<p>&nbsp;<\/p>\n<p>Wieloletnie do\u015bwiadczenie cz\u0142onk\u00f3w grupy pomaga w podtrzymywaniu najwy\u017cszej jako\u015bci upraw.<\/p>\n<p>NATURFARM jest w posiadaniu nowoczesnych urz\u0105dze\u0144 pakuj\u0105cych.<\/p>\n<p>Dostosowujemy zatem sposoby pakowania do oczekiwa\u0144 naszych klient\u00f3w.<\/p>\n<p>Gwarantujemy,\u00a0 i\u017c ca\u0142y nasz asortyment sprawdzany jest na ka\u017cdym etapie jego produkcji.<\/p>\n<p>Wprowadzamy do sprzeda\u017cy tylko pe\u0142nowarto\u015bciowy produkt!<\/p>\n","protected":false},"excerpt":{"rendered":"<p>&nbsp; Wieloletnie do\u015bwiadczenie cz\u0142onk\u00f3w grupy pomaga w podtrzymywaniu najwy\u017cszej jako\u015bci upraw. NATURFARM jest w posiadaniu nowoczesnych urz\u0105dze\u0144 pakuj\u0105cych. Dostosowujemy zatem sposoby pakowania do oczekiwa\u0144 naszych klient\u00f3w. Gwarantujemy,\u00a0 i\u017c ca\u0142y nasz asortyment sprawdzany jest na ka\u017cdym etapie jego produkcji. Wprowadzamy do sprzeda\u017cy tylko pe\u0142nowarto\u015bciowy produkt!<\/p>\n","protected":false},"author":1,"featured_media":0,"parent":0,"menu_order":0,"comment_status":"open","ping_status":"open","template":"page-full.php","meta":{"footnotes":""},"class_list":["post-24","page","type-page","status-publish","hentry"],"_links":{"self":[{"href":"https:\/\/www.natur-farm.pl\/index.php?rest_route=\/wp\/v2\/pages\/24","targetHints":{"allow":["GET"]}}],"collection":[{"href":"https:\/\/www.natur-farm.pl\/index.php?rest_route=\/wp\/v2\/pages"}],"about":[{"href":"https:\/\/www.natur-farm.pl\/index.php?rest_route=\/wp\/v2\/types\/page"}],"author":[{"embeddable":true,"href":"https:\/\/www.natur-farm.pl\/index.php?rest_route=\/wp\/v2\/users\/1"}],"replies":[{"embeddable":true,"href":"https:\/\/www.natur-farm.pl\/index.php?rest_route=%2Fwp%2Fv2%2Fcomments&post=24"}],"version-history":[{"count":6,"href":"https:\/\/www.natur-farm.pl\/index.php?rest_route=\/wp\/v2\/pages\/24\/revisions"}],"predecessor-version":[{"id":147,"href":"https:\/\/www.natur-farm.pl\/index.php?rest_route=\/wp\/v2\/pages\/24\/revisions\/147"}],"wp:attachment":[{"href":"https:\/\/www.natur-farm.pl\/index.php?rest_route=%2Fwp%2Fv2%2Fmedia&parent=24"}],"curies":[{"name":"wp","href":"https:\/\/api.w.org\/{rel}","templated":true}]}}