{"id":17,"date":"2014-01-12T20:24:55","date_gmt":"2014-01-12T19:24:55","guid":{"rendered":"http:\/\/domuciech.com.pl\/NATURFARM\/?page_id=17"},"modified":"2014-01-30T14:32:11","modified_gmt":"2014-01-30T13:32:11","slug":"o-nas","status":"publish","type":"page","link":"https:\/\/www.natur-farm.pl\/?page_id=17","title":{"rendered":"O Nas"},"content":{"rendered":"<p>&nbsp;<\/p>\n<p>Firm\u0119 NATURFAM tworzy grupa przyjaci\u00f3\u0142 poch\u0142oni\u0119tych pasj\u0105 zdrowego \u017cywienia. Wszyscy jej cz\u0142onkowie posiadaj\u0105 bogate do\u015bwiadczenie w bran\u017cy warzywnej.<\/p>\n<p>Wieloletni handel indywidualny pozwoli\u0142 uzyska\u0107 obszern\u0105 wiedz\u0119 na temat zmieniaj\u0105cych si\u0119\u00a0 \u015bwiatowych trend\u00f3w jak i oczekiwa\u0144 odbiorc\u00f3w z Polski.<\/p>\n<p>W 2013 roku postanowili\u015bmy po\u0142\u0105czy\u0107 wsp\u00f3lne zasoby i wymieni\u0107 si\u0119 cennymi uwagami wynikaj\u0105cymi z bacznej obserwacji rynku. Za\u0142o\u017cyli\u015bmy, i\u017c po zespoleniu dotychczasowych jednostek w sp\u00f3\u0142k\u0119, oferta firmy zadowoli najbardziej wymagaj\u0105cego odbiorc\u0119.<\/p>\n<p>Pami\u0119taj\u0105c o istocie wzbogacenia codziennej diety w \u015bwie\u017ce warzywa i owoce, wychodzimy naprzeciw produkuj\u0105c zdrow\u0105 \u017cywno\u015b\u0107 o doskona\u0142ej jako\u015bci i smaku!<\/p>\n<p>Nasze magazyny usytuowane s\u0105 w trzech regionach Polski:\u00a0 \u0141\u00f3dzkim, Podlaskim i Wielkopolskim.<\/p>\n<p>\u0141\u0105czna powierzchnia upraw to obecnie ponad 400 ha<\/p>\n<p>Posiadamy w\u0142asny transport z ch\u0142odniami. Dostarczamy zawsze na czas!<\/p>\n","protected":false},"excerpt":{"rendered":"<p>&nbsp; Firm\u0119 NATURFAM tworzy grupa przyjaci\u00f3\u0142 poch\u0142oni\u0119tych pasj\u0105 zdrowego \u017cywienia. Wszyscy jej cz\u0142onkowie posiadaj\u0105 bogate do\u015bwiadczenie w bran\u017cy warzywnej. Wieloletni handel indywidualny pozwoli\u0142 uzyska\u0107 obszern\u0105 wiedz\u0119 na temat zmieniaj\u0105cych si\u0119\u00a0 \u015bwiatowych trend\u00f3w jak i oczekiwa\u0144 odbiorc\u00f3w z Polski. W 2013 roku postanowili\u015bmy po\u0142\u0105czy\u0107 wsp\u00f3lne zasoby i wymieni\u0107 si\u0119 cennymi uwagami wynikaj\u0105cymi z bacznej obserwacji rynku. [&hellip;]<\/p>\n","protected":false},"author":1,"featured_media":0,"parent":0,"menu_order":0,"comment_status":"open","ping_status":"open","template":"page-full.php","meta":{"footnotes":""},"class_list":["post-17","page","type-page","status-publish","hentry"],"_links":{"self":[{"href":"https:\/\/www.natur-farm.pl\/index.php?rest_route=\/wp\/v2\/pages\/17","targetHints":{"allow":["GET"]}}],"collection":[{"href":"https:\/\/www.natur-farm.pl\/index.php?rest_route=\/wp\/v2\/pages"}],"about":[{"href":"https:\/\/www.natur-farm.pl\/index.php?rest_route=\/wp\/v2\/types\/page"}],"author":[{"embeddable":true,"href":"https:\/\/www.natur-farm.pl\/index.php?rest_route=\/wp\/v2\/users\/1"}],"replies":[{"embeddable":true,"href":"https:\/\/www.natur-farm.pl\/index.php?rest_route=%2Fwp%2Fv2%2Fcomments&post=17"}],"version-history":[{"count":2,"href":"https:\/\/www.natur-farm.pl\/index.php?rest_route=\/wp\/v2\/pages\/17\/revisions"}],"predecessor-version":[{"id":137,"href":"https:\/\/www.natur-farm.pl\/index.php?rest_route=\/wp\/v2\/pages\/17\/revisions\/137"}],"wp:attachment":[{"href":"https:\/\/www.natur-farm.pl\/index.php?rest_route=%2Fwp%2Fv2%2Fmedia&parent=17"}],"curies":[{"name":"wp","href":"https:\/\/api.w.org\/{rel}","templated":true}]}}